{"id":25,"date":"2018-10-08T17:40:28","date_gmt":"2018-10-08T17:40:28","guid":{"rendered":"http:\/\/aeroclub-montbeliard.fr\/wp\/?page_id=25"},"modified":"2026-04-29T17:47:58","modified_gmt":"2026-04-29T16:47:58","slug":"les-tarifs","status":"publish","type":"page","link":"https:\/\/aeroclub-montbeliard.fr\/wp\/?page_id=25","title":{"rendered":"Les tarifs 2026"},"content":{"rendered":"\n<p><strong>Tarif des heures de vols :<\/strong><\/p>\n\n\n\n<p>DR300 &#8211; <strong>126 \u20ac\/h<\/strong><br>DR400-120 &#8211; <strong>149\u00a0\u20ac\/h<\/strong><br>DR400-100 Rotax &#8211; <strong>145 \u20ac\/h<\/strong><br>DR400-155CDI &#8211; <strong>189\u00a0\u20ac\/h<\/strong><\/p>\n\n\n\n<p>Il convient d&rsquo;ajouter&nbsp;<strong>20&nbsp;\u20ac&nbsp;<\/strong>de l&rsquo;heure de vol lorsqu&rsquo;il s&rsquo;agit d&rsquo;un vol d&rsquo;instruction avec un instructeur en place droite.<br>Les heures de vol sont d\u00e9compt\u00e9es \u00e0 la minute pr\u00e8s gr\u00e2ce aux horam\u00e8tres install\u00e9s dans les avions.<br><br><strong>Cotisation club :<\/strong><\/p>\n\n\n\n<p>Cotisation annuelle :&nbsp;<strong>225 \u20ac<\/strong>&nbsp;ramen\u00e9e \u00e0&nbsp;<strong>130&nbsp;\u20ac<\/strong>&nbsp;pour les personnes ayant moins de&nbsp;<strong>21&nbsp;ans&nbsp;<\/strong>au 1er janvier. La cotisation pay\u00e9e d\u00e8s le 1er octobre sera valable pour l&rsquo;ann\u00e9e suivante.&nbsp;<\/p>\n\n\n\n<p><strong>Cotisation f\u00e9d\u00e9rale<\/strong> :<\/p>\n\n\n\n<p>L&rsquo;a\u00e9roclub \u00e9tant membre de la FFA, la cotisation \u00e0 la f\u00e9d\u00e9ration est indispensable et apporte quelques avantages (assurance incluse, r\u00e9duction magazine Info Pilote\u2026). Le tarif change chaque ann\u00e9e, il est \u00e0 <strong>94 \u20ac<\/strong> pour 2026 sans Info Pilote.<\/p>\n\n\n\n<p><strong>Boutique :<\/strong><\/p>\n\n\n\n<p>Manuel du pilote (guide de formation), carnets de vol, cartes a\u00e9ronautiques sont disponibles au club au prix du march\u00e9.&nbsp;Nous proposons \u00e0 nos \u00e9l\u00e8ves un abonnement Aerogligli pour r\u00e9viser le th\u00e9orique.<\/p>\n\n\n\n<p><\/p>\n\n\n\n<p><\/p>\n","protected":false},"excerpt":{"rendered":"<p>Tarif des heures de vols : DR300 &#8211; 126 \u20ac\/hDR400-120 &#8211; 149\u00a0\u20ac\/hDR400-100 Rotax &#8211; 145 \u20ac\/hDR400-155CDI &#8211; 189\u00a0\u20ac\/h Il convient d&rsquo;ajouter&nbsp;20&nbsp;\u20ac&nbsp;de l&rsquo;heure de vol lorsqu&rsquo;il s&rsquo;agit d&rsquo;un vol d&rsquo;instruction avec un instructeur en place droite.Les heures de vol sont d\u00e9compt\u00e9es \u00e0 la minute pr\u00e8s gr\u00e2ce aux horam\u00e8tres install\u00e9s dans les avions. Cotisation club : Cotisation &hellip; <\/p>\n<p class=\"link-more\"><a href=\"https:\/\/aeroclub-montbeliard.fr\/wp\/?page_id=25\" class=\"more-link\">Continuer la lecture<span class=\"screen-reader-text\"> de &laquo;&nbsp;Les tarifs 2026&nbsp;&raquo;<\/span><\/a><\/p>\n","protected":false},"author":2,"featured_media":0,"parent":0,"menu_order":0,"comment_status":"closed","ping_status":"closed","template":"","meta":{"footnotes":""},"class_list":["post-25","page","type-page","status-publish","hentry"],"_links":{"self":[{"href":"https:\/\/aeroclub-montbeliard.fr\/wp\/index.php?rest_route=\/wp\/v2\/pages\/25","targetHints":{"allow":["GET"]}}],"collection":[{"href":"https:\/\/aeroclub-montbeliard.fr\/wp\/index.php?rest_route=\/wp\/v2\/pages"}],"about":[{"href":"https:\/\/aeroclub-montbeliard.fr\/wp\/index.php?rest_route=\/wp\/v2\/types\/page"}],"author":[{"embeddable":true,"href":"https:\/\/aeroclub-montbeliard.fr\/wp\/index.php?rest_route=\/wp\/v2\/users\/2"}],"replies":[{"embeddable":true,"href":"https:\/\/aeroclub-montbeliard.fr\/wp\/index.php?rest_route=%2Fwp%2Fv2%2Fcomments&post=25"}],"version-history":[{"count":5,"href":"https:\/\/aeroclub-montbeliard.fr\/wp\/index.php?rest_route=\/wp\/v2\/pages\/25\/revisions"}],"predecessor-version":[{"id":268,"href":"https:\/\/aeroclub-montbeliard.fr\/wp\/index.php?rest_route=\/wp\/v2\/pages\/25\/revisions\/268"}],"wp:attachment":[{"href":"https:\/\/aeroclub-montbeliard.fr\/wp\/index.php?rest_route=%2Fwp%2Fv2%2Fmedia&parent=25"}],"curies":[{"name":"wp","href":"https:\/\/api.w.org\/{rel}","templated":true}]}}