{"id":36,"date":"2018-10-08T17:42:53","date_gmt":"2018-10-08T17:42:53","guid":{"rendered":"http:\/\/aeroclub-montbeliard.fr\/wp\/?page_id=36"},"modified":"2025-05-18T10:22:03","modified_gmt":"2025-05-18T09:22:03","slug":"accueil","status":"publish","type":"page","link":"https:\/\/aeroclub-montbeliard.fr\/wp\/","title":{"rendered":"Accueil"},"content":{"rendered":"\n<p>L&rsquo;a\u00e9roclub du Pays de Montb\u00e9liard est une \u00e9cole de pilotage de la&nbsp;<a href=\"http:\/\/www.ffa-aero.fr\" target=\"_blank\" rel=\"noreferrer noopener\">F\u00e9d\u00e9ration Fran\u00e7aise A\u00e9ronautique<\/a>. Ici devenir pilote est&nbsp;simple et&nbsp;\u00e9conomique, le tout dans des conditions techniques et d&rsquo;infrastructures id\u00e9ales.<\/p>\n\n\n\n<div class=\"wp-block-media-text alignwide\"><figure class=\"wp-block-media-text__media\"><img loading=\"lazy\" decoding=\"async\" width=\"1200\" height=\"798\" src=\"https:\/\/aeroclub-montbeliard.fr\/wp\/wp-content\/uploads\/2018\/10\/avion04-ts1500363338.jpg\" alt=\"\" class=\"wp-image-54 size-full\" srcset=\"https:\/\/aeroclub-montbeliard.fr\/wp\/wp-content\/uploads\/2018\/10\/avion04-ts1500363338.jpg 1200w, https:\/\/aeroclub-montbeliard.fr\/wp\/wp-content\/uploads\/2018\/10\/avion04-ts1500363338-300x200.jpg 300w, https:\/\/aeroclub-montbeliard.fr\/wp\/wp-content\/uploads\/2018\/10\/avion04-ts1500363338-768x511.jpg 768w, https:\/\/aeroclub-montbeliard.fr\/wp\/wp-content\/uploads\/2018\/10\/avion04-ts1500363338-1024x681.jpg 1024w\" sizes=\"auto, (max-width: 767px) 89vw, (max-width: 1000px) 54vw, (max-width: 1071px) 543px, 580px\" \/><\/figure><div class=\"wp-block-media-text__content\">\n<h2 class=\"wp-block-heading\"><a href=\"https:\/\/aeroclub-montbeliard.fr\/wp\/?page_id=70\" data-type=\"page\" data-id=\"70\">Devenez pilote !<\/a><\/h2>\n\n\n\n<p>Obtenez votre licence de pilote priv\u00e9 LALP ou PPL.<br>Apprenez \u00e0 piloter !<\/p>\n<\/div><\/div>\n\n\n\n<div class=\"wp-block-media-text alignwide has-media-on-the-right\"><div class=\"wp-block-media-text__content\">\n<p>Volez \u00e0 l&rsquo;occasion d&rsquo;<a href=\"https:\/\/aeroclub-montbeliard.fr\/wp\/?page_id=71\">un vol de d\u00e9couverte<\/a> ou faites un cadeau !<\/p>\n<\/div><figure class=\"wp-block-media-text__media\"><img loading=\"lazy\" decoding=\"async\" width=\"1200\" height=\"781\" src=\"https:\/\/aeroclub-montbeliard.fr\/wp\/wp-content\/uploads\/2018\/10\/avion10-ts1500364122.jpg\" alt=\"\" class=\"wp-image-53 size-full\" srcset=\"https:\/\/aeroclub-montbeliard.fr\/wp\/wp-content\/uploads\/2018\/10\/avion10-ts1500364122.jpg 1200w, https:\/\/aeroclub-montbeliard.fr\/wp\/wp-content\/uploads\/2018\/10\/avion10-ts1500364122-300x195.jpg 300w, https:\/\/aeroclub-montbeliard.fr\/wp\/wp-content\/uploads\/2018\/10\/avion10-ts1500364122-768x500.jpg 768w, https:\/\/aeroclub-montbeliard.fr\/wp\/wp-content\/uploads\/2018\/10\/avion10-ts1500364122-1024x666.jpg 1024w\" sizes=\"auto, (max-width: 767px) 89vw, (max-width: 1000px) 54vw, (max-width: 1071px) 543px, 580px\" \/><\/figure><\/div>\n\n\n\n<div class=\"wp-block-media-text alignwide\"><figure class=\"wp-block-media-text__media\"><img loading=\"lazy\" decoding=\"async\" width=\"2000\" height=\"1500\" src=\"https:\/\/aeroclub-montbeliard.fr\/wp\/wp-content\/uploads\/2018\/10\/img_20160521_102225-ts1500318689.jpg\" alt=\"\" class=\"wp-image-52 size-full\" srcset=\"https:\/\/aeroclub-montbeliard.fr\/wp\/wp-content\/uploads\/2018\/10\/img_20160521_102225-ts1500318689.jpg 2000w, https:\/\/aeroclub-montbeliard.fr\/wp\/wp-content\/uploads\/2018\/10\/img_20160521_102225-ts1500318689-300x225.jpg 300w, https:\/\/aeroclub-montbeliard.fr\/wp\/wp-content\/uploads\/2018\/10\/img_20160521_102225-ts1500318689-768x576.jpg 768w, https:\/\/aeroclub-montbeliard.fr\/wp\/wp-content\/uploads\/2018\/10\/img_20160521_102225-ts1500318689-1024x768.jpg 1024w, https:\/\/aeroclub-montbeliard.fr\/wp\/wp-content\/uploads\/2018\/10\/img_20160521_102225-ts1500318689-1200x900.jpg 1200w\" sizes=\"auto, (max-width: 767px) 89vw, (max-width: 1000px) 54vw, (max-width: 1071px) 543px, 580px\" \/><\/figure><div class=\"wp-block-media-text__content\">\n<p><a href=\"https:\/\/aeroclub-montbeliard.fr\/wp\/?page_id=34\">Passeport d&rsquo;initiation<\/a> : volez aux commandes d&rsquo;un avion avec un instructeur \u00e0 vos c\u00f4t\u00e9s, \u00e0 vous les commandes pour 1h30 ou 3h de vols !<\/p>\n<\/div><\/div>\n\n\n\n<div class=\"wp-block-media-text alignwide has-media-on-the-right\"><div class=\"wp-block-media-text__content\">\n<p>\n\nVoyagez : avec votre licence de pilote et les avions de l&rsquo;a\u00e9roclub, partez \u00e0 la d\u00e9couverte des plus beaux paysages en famille ou avec des amis.\n\n<\/p>\n<\/div><figure class=\"wp-block-media-text__media\"><img loading=\"lazy\" decoding=\"async\" width=\"960\" height=\"720\" src=\"https:\/\/aeroclub-montbeliard.fr\/wp\/wp-content\/uploads\/2018\/10\/alpes-ts1500365883.jpg\" alt=\"\" class=\"wp-image-57 size-full\" srcset=\"https:\/\/aeroclub-montbeliard.fr\/wp\/wp-content\/uploads\/2018\/10\/alpes-ts1500365883.jpg 960w, https:\/\/aeroclub-montbeliard.fr\/wp\/wp-content\/uploads\/2018\/10\/alpes-ts1500365883-300x225.jpg 300w, https:\/\/aeroclub-montbeliard.fr\/wp\/wp-content\/uploads\/2018\/10\/alpes-ts1500365883-768x576.jpg 768w\" sizes=\"auto, (max-width: 767px) 89vw, (max-width: 1000px) 54vw, (max-width: 1071px) 543px, 580px\" \/><\/figure><\/div>\n\n\n\n<div class=\"wp-block-media-text alignwide\"><figure class=\"wp-block-media-text__media\"><img loading=\"lazy\" decoding=\"async\" width=\"1500\" height=\"998\" src=\"https:\/\/aeroclub-montbeliard.fr\/wp\/wp-content\/uploads\/2018\/10\/hangar01-ts1500309874.jpg\" alt=\"\" class=\"wp-image-55 size-full\" srcset=\"https:\/\/aeroclub-montbeliard.fr\/wp\/wp-content\/uploads\/2018\/10\/hangar01-ts1500309874.jpg 1500w, https:\/\/aeroclub-montbeliard.fr\/wp\/wp-content\/uploads\/2018\/10\/hangar01-ts1500309874-300x200.jpg 300w, https:\/\/aeroclub-montbeliard.fr\/wp\/wp-content\/uploads\/2018\/10\/hangar01-ts1500309874-768x511.jpg 768w, https:\/\/aeroclub-montbeliard.fr\/wp\/wp-content\/uploads\/2018\/10\/hangar01-ts1500309874-1024x681.jpg 1024w, https:\/\/aeroclub-montbeliard.fr\/wp\/wp-content\/uploads\/2018\/10\/hangar01-ts1500309874-1200x798.jpg 1200w\" sizes=\"auto, (max-width: 767px) 89vw, (max-width: 1000px) 54vw, (max-width: 1071px) 543px, 580px\" \/><\/figure><div class=\"wp-block-media-text__content\">\n<p><a href=\"https:\/\/aeroclub-montbeliard.fr\/wp\/?page_id=8\">Le club<\/a> : les avions, les tarifs, le club-house, le terrain\u2026<\/p>\n<\/div><\/div>\n\n\n\n<div class=\"wp-block-media-text alignwide has-media-on-the-right\"><div class=\"wp-block-media-text__content\">\n<p>La galerie : les photos et vid\u00e9os d&rsquo;ici et d&rsquo;ailleurs (\u00e0 venir)<\/p>\n<\/div><figure class=\"wp-block-media-text__media\"><img loading=\"lazy\" decoding=\"async\" width=\"1200\" height=\"800\" src=\"https:\/\/aeroclub-montbeliard.fr\/wp\/wp-content\/uploads\/2018\/10\/matin-ile-aganton-ts1500408688.jpg\" alt=\"\" class=\"wp-image-56 size-full\" srcset=\"https:\/\/aeroclub-montbeliard.fr\/wp\/wp-content\/uploads\/2018\/10\/matin-ile-aganton-ts1500408688.jpg 1200w, https:\/\/aeroclub-montbeliard.fr\/wp\/wp-content\/uploads\/2018\/10\/matin-ile-aganton-ts1500408688-300x200.jpg 300w, https:\/\/aeroclub-montbeliard.fr\/wp\/wp-content\/uploads\/2018\/10\/matin-ile-aganton-ts1500408688-768x512.jpg 768w, https:\/\/aeroclub-montbeliard.fr\/wp\/wp-content\/uploads\/2018\/10\/matin-ile-aganton-ts1500408688-1024x683.jpg 1024w\" sizes=\"auto, (max-width: 767px) 89vw, (max-width: 1000px) 54vw, (max-width: 1071px) 543px, 580px\" \/><\/figure><\/div>\n","protected":false},"excerpt":{"rendered":"<p>L&rsquo;a\u00e9roclub du Pays de Montb\u00e9liard est une \u00e9cole de pilotage de la&nbsp;F\u00e9d\u00e9ration Fran\u00e7aise A\u00e9ronautique. Ici devenir pilote est&nbsp;simple et&nbsp;\u00e9conomique, le tout dans des conditions techniques et d&rsquo;infrastructures id\u00e9ales. Devenez pilote ! Obtenez votre licence de pilote priv\u00e9 LALP ou PPL.Apprenez \u00e0 piloter ! Volez \u00e0 l&rsquo;occasion d&rsquo;un vol de d\u00e9couverte ou faites un cadeau ! &hellip; <\/p>\n<p class=\"link-more\"><a href=\"https:\/\/aeroclub-montbeliard.fr\/wp\/\" class=\"more-link\">Continuer la lecture<span class=\"screen-reader-text\"> de &laquo;&nbsp;Accueil&nbsp;&raquo;<\/span><\/a><\/p>\n","protected":false},"author":2,"featured_media":0,"parent":0,"menu_order":0,"comment_status":"closed","ping_status":"closed","template":"","meta":{"footnotes":""},"class_list":["post-36","page","type-page","status-publish","hentry"],"_links":{"self":[{"href":"https:\/\/aeroclub-montbeliard.fr\/wp\/index.php?rest_route=\/wp\/v2\/pages\/36","targetHints":{"allow":["GET"]}}],"collection":[{"href":"https:\/\/aeroclub-montbeliard.fr\/wp\/index.php?rest_route=\/wp\/v2\/pages"}],"about":[{"href":"https:\/\/aeroclub-montbeliard.fr\/wp\/index.php?rest_route=\/wp\/v2\/types\/page"}],"author":[{"embeddable":true,"href":"https:\/\/aeroclub-montbeliard.fr\/wp\/index.php?rest_route=\/wp\/v2\/users\/2"}],"replies":[{"embeddable":true,"href":"https:\/\/aeroclub-montbeliard.fr\/wp\/index.php?rest_route=%2Fwp%2Fv2%2Fcomments&post=36"}],"version-history":[{"count":18,"href":"https:\/\/aeroclub-montbeliard.fr\/wp\/index.php?rest_route=\/wp\/v2\/pages\/36\/revisions"}],"predecessor-version":[{"id":263,"href":"https:\/\/aeroclub-montbeliard.fr\/wp\/index.php?rest_route=\/wp\/v2\/pages\/36\/revisions\/263"}],"wp:attachment":[{"href":"https:\/\/aeroclub-montbeliard.fr\/wp\/index.php?rest_route=%2Fwp%2Fv2%2Fmedia&parent=36"}],"curies":[{"name":"wp","href":"https:\/\/api.w.org\/{rel}","templated":true}]}}