{"id":70,"date":"2018-10-29T13:48:41","date_gmt":"2018-10-29T13:48:41","guid":{"rendered":"http:\/\/aeroclub-montbeliard.fr\/wp\/?page_id=70"},"modified":"2025-04-27T18:05:25","modified_gmt":"2025-04-27T17:05:25","slug":"apprendre-a-piloter","status":"publish","type":"page","link":"https:\/\/aeroclub-montbeliard.fr\/wp\/?page_id=70","title":{"rendered":"Apprendre \u00e0 Piloter"},"content":{"rendered":"\n<div class=\"wp-block-media-text alignwide\"><figure class=\"wp-block-media-text__media\"><img loading=\"lazy\" decoding=\"async\" width=\"320\" height=\"228\" src=\"https:\/\/aeroclub-montbeliard.fr\/wp\/wp-content\/uploads\/2018\/10\/08fad3425be8c3ac7a33c1885d4ad417_320x240.jpg\" alt=\"\" class=\"wp-image-90 size-full\" srcset=\"https:\/\/aeroclub-montbeliard.fr\/wp\/wp-content\/uploads\/2018\/10\/08fad3425be8c3ac7a33c1885d4ad417_320x240.jpg 320w, https:\/\/aeroclub-montbeliard.fr\/wp\/wp-content\/uploads\/2018\/10\/08fad3425be8c3ac7a33c1885d4ad417_320x240-300x214.jpg 300w\" sizes=\"auto, (max-width: 320px) 100vw, 320px\" \/><\/figure><div class=\"wp-block-media-text__content\">\n<h2 class=\"wp-block-heading\"><strong>L&rsquo;\u00e9nergie du vol : la motivation !<\/strong><\/h2>\n\n\n\n<p>Voler est un r\u00eave pour de tr\u00e8s nombre d&rsquo;entre nous.\u00a0Ce r\u00eave est accessible : l&rsquo;a\u00e9roclub du Pays de Montb\u00e9liard\u00a0vous propose de le r\u00e9aliser en devenant pilote \u00e0 votre rythme, en fonction de vos disponibilit\u00e9s et\u00a0de votre budget. L&rsquo;essentiel est d&rsquo;avoir une tr\u00e8s forte motivation et l&rsquo;envie de voler !<\/p>\n\n\n\n<p><\/p>\n<\/div><\/div>\n\n\n\n<div class=\"wp-block-media-text alignwide has-media-on-the-right\"><div class=\"wp-block-media-text__content\">\n<h2 class=\"wp-block-heading\"><strong>Combien de temps faut-il pour apprendre \u00e0 piloter ?<\/strong><\/h2>\n\n\n\n<p>Il vous faudra du temps et de la disponibilit\u00e9 pour apprendre \u00e0 voler. Au del\u00e0 des 45 heures minimales de vol exig\u00e9es par la r\u00e9glementation pour la licence PPL ou 30 heures pour la licence LAPL (il en faudra de 50 \u00e0 70 dans la pratique), il faudra croiser votre disponibilit\u00e9 avec celle de votre instructeur, celle de l&rsquo;avion, et le bon vouloir de la m\u00e9t\u00e9o. L&rsquo;id\u00e9al est de voler en moyenne au moins une fois par semaine. Les vols durent de 40 \u00e0 60 minutes, mais n\u00e9cessitent la pr\u00e9sence du pilote au moins 2h30 sur le terrain (briefing, pr\u00e9paration de l&rsquo;avion, vol, debriefing\u2026). En g\u00e9n\u00e9ral, il faut de 1 \u00e0 2 ans pour obtenir sa licence de pilote priv\u00e9, mais avec de l&rsquo;assiduit\u00e9 vous devriez \u00eatre autoris\u00e9 \u00e0 voler seul \u00e0 bord au bout de quelques semaines de cours.<\/p>\n\n\n\n<p><\/p>\n<\/div><figure class=\"wp-block-media-text__media\"><img loading=\"lazy\" decoding=\"async\" width=\"499\" height=\"374\" src=\"https:\/\/aeroclub-montbeliard.fr\/wp\/wp-content\/uploads\/2018\/10\/29cf606ed7caeeb7875ad05583cf91e3_499.81578947368x390.jpg\" alt=\"\" class=\"wp-image-91 size-full\" srcset=\"https:\/\/aeroclub-montbeliard.fr\/wp\/wp-content\/uploads\/2018\/10\/29cf606ed7caeeb7875ad05583cf91e3_499.81578947368x390.jpg 499w, https:\/\/aeroclub-montbeliard.fr\/wp\/wp-content\/uploads\/2018\/10\/29cf606ed7caeeb7875ad05583cf91e3_499.81578947368x390-300x225.jpg 300w\" sizes=\"auto, (max-width: 499px) 100vw, 499px\" \/><\/figure><\/div>\n\n\n\n<div class=\"wp-block-media-text alignwide\"><figure class=\"wp-block-media-text__media\"><img loading=\"lazy\" decoding=\"async\" width=\"446\" height=\"334\" src=\"https:\/\/aeroclub-montbeliard.fr\/wp\/wp-content\/uploads\/2018\/10\/d049d956f9cf722b364b6e714fe5d854_446x340.jpg\" alt=\"\" class=\"wp-image-92 size-full\" srcset=\"https:\/\/aeroclub-montbeliard.fr\/wp\/wp-content\/uploads\/2018\/10\/d049d956f9cf722b364b6e714fe5d854_446x340.jpg 446w, https:\/\/aeroclub-montbeliard.fr\/wp\/wp-content\/uploads\/2018\/10\/d049d956f9cf722b364b6e714fe5d854_446x340-300x225.jpg 300w\" sizes=\"auto, (max-width: 446px) 100vw, 446px\" \/><\/figure><div class=\"wp-block-media-text__content\">\n<h2 class=\"wp-block-heading\"><strong>Combien \u00e7a co\u00fbte ?<\/strong><\/h2>\n\n\n\n<p><br>L&rsquo;a\u00e9roclub dispose de plusieurs avions \u00e9cole\u00a0permettant de r\u00e9aliser des vols d&rsquo;instruction \u00e0 co\u00fbt comp\u00e9titif, \u00e0 partir de <strong>142 \u20ac<\/strong>\u00a0par heure de vol en double commande. Une partie de vos heures de vol de formation seront r\u00e9alis\u00e9es seul \u00e0 bord (votre instructeur \u00e9tant au sol), au co\u00fbt encore plus \u00e9conomique de\u00a0<strong>122\u00a0\u20ac<\/strong>\u00a0par heure de vol.<\/p>\n\n\n\n<p>Pour les plus jeunes, le club \u00e9tant affili\u00e9 \u00e0 la F\u00e9d\u00e9ration Fran\u00e7aise A\u00e9ronautique (FFA), il est possible d&rsquo;obtenir des aides pouvant aller jusqu&rsquo;\u00e0&nbsp;<strong>1340 \u20ac<\/strong>, qui viennent encore r\u00e9duire le co\u00fbt de la formation.<\/p>\n\n\n\n<p><\/p>\n<\/div><\/div>\n\n\n\n<div class=\"wp-block-media-text alignwide has-media-on-the-right\"><div class=\"wp-block-media-text__content\">\n<h2 class=\"wp-block-heading\"><strong>Comment apprendre la th\u00e9orie ?<\/strong><\/h2>\n\n\n\n<p>Un examen\u00a0th\u00e9orique doit \u00eatre pr\u00e9sent\u00e9 dans un centre d&rsquo;examen agr\u00e9\u00e9 avant le jour de l&rsquo;obtention de la licence, mais n&rsquo;ayez crainte ! Les vols d&rsquo;instruction peuvent d\u00e9buter d\u00e8s votre premier jour au club.\u00a0Votre instructeur vous accompagnera dans la pr\u00e9paration de cet examen\u00a0\u00e0 la port\u00e9e de tous avec un peu de travail. les sujets abord\u00e9s pour la partie th\u00e9orique sont aussi vari\u00e9s que la m\u00e9t\u00e9o, la technique du vol, la m\u00e9canique, la r\u00e9glementation, la s\u00e9curit\u00e9, autant de sujets qui sont n\u00e9cessaires pour bien g\u00e9rer sa machine et conduire un vol une fois la licence en poche.<\/p>\n\n\n\n<p><\/p>\n<\/div><figure class=\"wp-block-media-text__media\"><img loading=\"lazy\" decoding=\"async\" width=\"473\" height=\"355\" src=\"https:\/\/aeroclub-montbeliard.fr\/wp\/wp-content\/uploads\/2018\/10\/7f805430bd2bb0217c71d3a199e00da7_473.14285714286x360.jpg\" alt=\"\" class=\"wp-image-93 size-full\" srcset=\"https:\/\/aeroclub-montbeliard.fr\/wp\/wp-content\/uploads\/2018\/10\/7f805430bd2bb0217c71d3a199e00da7_473.14285714286x360.jpg 473w, https:\/\/aeroclub-montbeliard.fr\/wp\/wp-content\/uploads\/2018\/10\/7f805430bd2bb0217c71d3a199e00da7_473.14285714286x360-300x225.jpg 300w\" sizes=\"auto, (max-width: 473px) 100vw, 473px\" \/><\/figure><\/div>\n\n\n\n<div class=\"wp-block-media-text alignwide\"><figure class=\"wp-block-media-text__media\"><img loading=\"lazy\" decoding=\"async\" width=\"310\" height=\"309\" src=\"https:\/\/aeroclub-montbeliard.fr\/wp\/wp-content\/uploads\/2018\/10\/e1c43a88211ba2a3cf1d2d4ab1974c60_310x310.jpg\" alt=\"\" class=\"wp-image-94 size-full\" srcset=\"https:\/\/aeroclub-montbeliard.fr\/wp\/wp-content\/uploads\/2018\/10\/e1c43a88211ba2a3cf1d2d4ab1974c60_310x310.jpg 310w, https:\/\/aeroclub-montbeliard.fr\/wp\/wp-content\/uploads\/2018\/10\/e1c43a88211ba2a3cf1d2d4ab1974c60_310x310-150x150.jpg 150w, https:\/\/aeroclub-montbeliard.fr\/wp\/wp-content\/uploads\/2018\/10\/e1c43a88211ba2a3cf1d2d4ab1974c60_310x310-300x300.jpg 300w\" sizes=\"auto, (max-width: 310px) 100vw, 310px\" \/><\/figure><div class=\"wp-block-media-text__content\">\n<h2 class=\"wp-block-heading\"><strong>Le BIA (Brevet d&rsquo;Initiation A\u00e9ronautique) :<\/strong><\/h2>\n\n\n\n<p>Il est possible d&rsquo;obtenir le BIA dans plusieurs \u00e9tablissements scolaires de la r\u00e9gion. Pour les jeunes c&rsquo;est le tremplin id\u00e9al pour d\u00e9buter dans l&rsquo;aviation.<strong>\u00a0Jeunes du BIA et jeunes sans le BIA, venez nous voir\u00a0<\/strong>: avec les aides de la f\u00e9d\u00e9ration\u00a0et nos co\u00fbts extr\u00eamement comp\u00e9titifs vous pourrez voler et obtenir votre licence de fa\u00e7on tr\u00e8s \u00e9conomique. Comparez !<\/p>\n\n\n\n<p><\/p>\n<\/div><\/div>\n\n\n\n<div class=\"wp-block-media-text alignwide has-media-on-the-right\"><div class=\"wp-block-media-text__content\">\n<h2 class=\"wp-block-heading\"><strong>Vers une carri\u00e8re a\u00e9ronautique :<\/strong><\/h2>\n\n\n\n<p>La France est une patrie a\u00e9ronautique o\u00f9 voler s&rsquo;est depuis tr\u00e8s longtemps inscrit dans les g\u00e8nes de la nation. De tous temps, la grande majorit\u00e9 des pilotes militaires et civils ont un jour d\u00e9but\u00e9 leur carri\u00e8re a\u00e9ronautique dans un a\u00e9roclub. C&rsquo;est toujours le cas aujourd&rsquo;hui, car les principes qui permettent au pilote de conduire sa machine et de l&rsquo;\u00e9lever vers le ciel sont les m\u00eames sur un Robin DR400 d&rsquo;a\u00e9roclub, sur un Airbus A320 ou un Rafale.<\/p>\n\n\n\n<p><\/p>\n<\/div><figure class=\"wp-block-media-text__media\"><img loading=\"lazy\" decoding=\"async\" width=\"360\" height=\"204\" src=\"https:\/\/aeroclub-montbeliard.fr\/wp\/wp-content\/uploads\/2018\/10\/992e332a7253edceddb4c8a243ff9598_360x220.jpg\" alt=\"\" class=\"wp-image-95 size-full\" srcset=\"https:\/\/aeroclub-montbeliard.fr\/wp\/wp-content\/uploads\/2018\/10\/992e332a7253edceddb4c8a243ff9598_360x220.jpg 360w, https:\/\/aeroclub-montbeliard.fr\/wp\/wp-content\/uploads\/2018\/10\/992e332a7253edceddb4c8a243ff9598_360x220-300x170.jpg 300w\" sizes=\"auto, (max-width: 360px) 100vw, 360px\" \/><\/figure><\/div>\n\n\n\n<div class=\"wp-block-media-text alignwide\"><figure class=\"wp-block-media-text__media\"><img loading=\"lazy\" decoding=\"async\" width=\"1200\" height=\"798\" src=\"https:\/\/aeroclub-montbeliard.fr\/wp\/wp-content\/uploads\/2018\/10\/7be6d2451afbc43cda0dcfc45fb12529.jpg\" alt=\"\" class=\"wp-image-96 size-full\" srcset=\"https:\/\/aeroclub-montbeliard.fr\/wp\/wp-content\/uploads\/2018\/10\/7be6d2451afbc43cda0dcfc45fb12529.jpg 1200w, https:\/\/aeroclub-montbeliard.fr\/wp\/wp-content\/uploads\/2018\/10\/7be6d2451afbc43cda0dcfc45fb12529-300x200.jpg 300w, https:\/\/aeroclub-montbeliard.fr\/wp\/wp-content\/uploads\/2018\/10\/7be6d2451afbc43cda0dcfc45fb12529-768x511.jpg 768w, https:\/\/aeroclub-montbeliard.fr\/wp\/wp-content\/uploads\/2018\/10\/7be6d2451afbc43cda0dcfc45fb12529-1024x681.jpg 1024w\" sizes=\"auto, (max-width: 767px) 89vw, (max-width: 1000px) 54vw, (max-width: 1071px) 543px, 580px\" \/><\/figure><div class=\"wp-block-media-text__content\">\n<h2 class=\"wp-block-heading\"><strong>Plus de renseignements ?<\/strong><\/h2>\n\n\n\n<p>Contactez-nous au  <strong>07 82 99 07 41<\/strong><\/p>\n\n\n\n<p>Ou par email : contact@aeroclub-montbeliard.fr<a href=\"mailto:aeroclub.montbeliard@orange.fr\"><\/a><\/p>\n\n\n\n<p>Nous aurons plaisir \u00e0 vous renseigner et \u00e0 vous donner rendez-vous dans nos locaux pour vous pr\u00e9senter nos avions et pourquoi pas vous inscrire au club pour d\u00e9buter votre formation de pilote priv\u00e9. A bient\u00f4t !<\/p>\n\n\n\n<p><\/p>\n<\/div><\/div>\n","protected":false},"excerpt":{"rendered":"<p>L&rsquo;\u00e9nergie du vol : la motivation ! Voler est un r\u00eave pour de tr\u00e8s nombre d&rsquo;entre nous.\u00a0Ce r\u00eave est accessible : l&rsquo;a\u00e9roclub du Pays de Montb\u00e9liard\u00a0vous propose de le r\u00e9aliser en devenant pilote \u00e0 votre rythme, en fonction de vos disponibilit\u00e9s et\u00a0de votre budget. L&rsquo;essentiel est d&rsquo;avoir une tr\u00e8s forte motivation et l&rsquo;envie de voler &hellip; <\/p>\n<p class=\"link-more\"><a href=\"https:\/\/aeroclub-montbeliard.fr\/wp\/?page_id=70\" class=\"more-link\">Continuer la lecture<span class=\"screen-reader-text\"> de &laquo;&nbsp;Apprendre \u00e0 Piloter&nbsp;&raquo;<\/span><\/a><\/p>\n","protected":false},"author":2,"featured_media":0,"parent":36,"menu_order":0,"comment_status":"closed","ping_status":"closed","template":"","meta":{"footnotes":""},"class_list":["post-70","page","type-page","status-publish","hentry"],"_links":{"self":[{"href":"https:\/\/aeroclub-montbeliard.fr\/wp\/index.php?rest_route=\/wp\/v2\/pages\/70","targetHints":{"allow":["GET"]}}],"collection":[{"href":"https:\/\/aeroclub-montbeliard.fr\/wp\/index.php?rest_route=\/wp\/v2\/pages"}],"about":[{"href":"https:\/\/aeroclub-montbeliard.fr\/wp\/index.php?rest_route=\/wp\/v2\/types\/page"}],"author":[{"embeddable":true,"href":"https:\/\/aeroclub-montbeliard.fr\/wp\/index.php?rest_route=\/wp\/v2\/users\/2"}],"replies":[{"embeddable":true,"href":"https:\/\/aeroclub-montbeliard.fr\/wp\/index.php?rest_route=%2Fwp%2Fv2%2Fcomments&post=70"}],"version-history":[{"count":12,"href":"https:\/\/aeroclub-montbeliard.fr\/wp\/index.php?rest_route=\/wp\/v2\/pages\/70\/revisions"}],"predecessor-version":[{"id":243,"href":"https:\/\/aeroclub-montbeliard.fr\/wp\/index.php?rest_route=\/wp\/v2\/pages\/70\/revisions\/243"}],"up":[{"embeddable":true,"href":"https:\/\/aeroclub-montbeliard.fr\/wp\/index.php?rest_route=\/wp\/v2\/pages\/36"}],"wp:attachment":[{"href":"https:\/\/aeroclub-montbeliard.fr\/wp\/index.php?rest_route=%2Fwp%2Fv2%2Fmedia&parent=70"}],"curies":[{"name":"wp","href":"https:\/\/api.w.org\/{rel}","templated":true}]}}