{"id":71,"date":"2018-10-29T13:48:41","date_gmt":"2018-10-29T13:48:41","guid":{"rendered":"http:\/\/aeroclub-montbeliard.fr\/wp\/?page_id=71"},"modified":"2025-04-27T18:59:38","modified_gmt":"2025-04-27T17:59:38","slug":"baptemes-de-lair","status":"publish","type":"page","link":"https:\/\/aeroclub-montbeliard.fr\/wp\/?page_id=71","title":{"rendered":"Vol de D\u00e9couverte"},"content":{"rendered":"\n<p>R\u00e9servez ici : <a href=\"https:\/\/www.helloasso.com\/associations\/aeroclub-du-pays-de-montbeliard\/evenements\/vols-de-decouverte-et-vols-d-initiation\" target=\"_blank\" rel=\"noreferrer noopener\">Hello Asso<\/a><\/p>\n\n\n<div class=\"wp-block-image\">\n<figure class=\"aligncenter\"><img loading=\"lazy\" decoding=\"async\" width=\"1024\" height=\"631\" src=\"https:\/\/aeroclub-montbeliard.fr\/wp\/wp-content\/uploads\/2019\/01\/avion05-ts1500383068-1024x631.jpg\" alt=\"\" class=\"wp-image-184\" srcset=\"https:\/\/aeroclub-montbeliard.fr\/wp\/wp-content\/uploads\/2019\/01\/avion05-ts1500383068-1024x631.jpg 1024w, https:\/\/aeroclub-montbeliard.fr\/wp\/wp-content\/uploads\/2019\/01\/avion05-ts1500383068-300x185.jpg 300w, https:\/\/aeroclub-montbeliard.fr\/wp\/wp-content\/uploads\/2019\/01\/avion05-ts1500383068-768x473.jpg 768w, https:\/\/aeroclub-montbeliard.fr\/wp\/wp-content\/uploads\/2019\/01\/avion05-ts1500383068.jpg 1200w\" sizes=\"auto, (max-width: 767px) 89vw, (max-width: 1000px) 54vw, (max-width: 1071px) 543px, 580px\" \/><figcaption class=\"wp-element-caption\">D\u00e9couvrez les joies du vol en avion !<\/figcaption><\/figure>\n<\/div>\n\n\n<p>Faites vous plaisir lors d&rsquo;un merveilleux moment en volant&nbsp;pendant 30 minutes \u00e0 2 ou&nbsp;3 personnes avec un pilote qualifi\u00e9 dans la r\u00e9gion de Montb\u00e9liard. L&rsquo;\u00e9motion et le bonheur \u00e0 la port\u00e9e des ailes ! A l&rsquo;occasion d&rsquo;une f\u00eate ou d&rsquo;un anniversaire, pensez \u00e0 faire un cadeau original en offrant un bapt\u00eame !<\/p>\n\n\n\n<figure class=\"wp-block-embed is-type-video is-provider-youtube wp-block-embed-youtube wp-embed-aspect-16-9 wp-has-aspect-ratio\"><div class=\"wp-block-embed__wrapper\">\n<iframe loading=\"lazy\" title=\"Bapt\u00eame de l&#039;air - A\u00e9roclub du Pays de Montb\u00e9liard\" width=\"525\" height=\"295\" src=\"https:\/\/www.youtube.com\/embed\/GQO38lQDm9A?feature=oembed\" frameborder=\"0\" allow=\"accelerometer; autoplay; clipboard-write; encrypted-media; gyroscope; picture-in-picture; web-share\" referrerpolicy=\"strict-origin-when-cross-origin\" allowfullscreen><\/iframe>\n<\/div><\/figure>\n\n\n\n<p>\n\nPrenez l&rsquo;air imm\u00e9diatement pour un vol au dessus de la r\u00e9gion, en visionnant cette courte vid\u00e9o d&rsquo;une minute.&nbsp;Nous organisons des circuits \u00e0 votre demande vous permettant de voir du haut vos endroits pr\u00e9f\u00e9r\u00e9s. &nbsp;\n\n<\/p>\n\n\n\n<p>Et\u00e9 comme hiver, pour les grands et les petits, nous trouverons toujours un moment pour voler ensemble&nbsp;!<\/p>\n\n\n\n<h2 class=\"wp-block-heading\">A bient\u00f4t !<\/h2>\n","protected":false},"excerpt":{"rendered":"<p>R\u00e9servez ici : Hello Asso Faites vous plaisir lors d&rsquo;un merveilleux moment en volant&nbsp;pendant 30 minutes \u00e0 2 ou&nbsp;3 personnes avec un pilote qualifi\u00e9 dans la r\u00e9gion de Montb\u00e9liard. L&rsquo;\u00e9motion et le bonheur \u00e0 la port\u00e9e des ailes ! A l&rsquo;occasion d&rsquo;une f\u00eate ou d&rsquo;un anniversaire, pensez \u00e0 faire un cadeau original en offrant un &hellip; <\/p>\n<p class=\"link-more\"><a href=\"https:\/\/aeroclub-montbeliard.fr\/wp\/?page_id=71\" class=\"more-link\">Continuer la lecture<span class=\"screen-reader-text\"> de &laquo;&nbsp;Vol de D\u00e9couverte&nbsp;&raquo;<\/span><\/a><\/p>\n","protected":false},"author":2,"featured_media":0,"parent":0,"menu_order":0,"comment_status":"closed","ping_status":"closed","template":"","meta":{"footnotes":""},"class_list":["post-71","page","type-page","status-publish","hentry"],"_links":{"self":[{"href":"https:\/\/aeroclub-montbeliard.fr\/wp\/index.php?rest_route=\/wp\/v2\/pages\/71","targetHints":{"allow":["GET"]}}],"collection":[{"href":"https:\/\/aeroclub-montbeliard.fr\/wp\/index.php?rest_route=\/wp\/v2\/pages"}],"about":[{"href":"https:\/\/aeroclub-montbeliard.fr\/wp\/index.php?rest_route=\/wp\/v2\/types\/page"}],"author":[{"embeddable":true,"href":"https:\/\/aeroclub-montbeliard.fr\/wp\/index.php?rest_route=\/wp\/v2\/users\/2"}],"replies":[{"embeddable":true,"href":"https:\/\/aeroclub-montbeliard.fr\/wp\/index.php?rest_route=%2Fwp%2Fv2%2Fcomments&post=71"}],"version-history":[{"count":9,"href":"https:\/\/aeroclub-montbeliard.fr\/wp\/index.php?rest_route=\/wp\/v2\/pages\/71\/revisions"}],"predecessor-version":[{"id":256,"href":"https:\/\/aeroclub-montbeliard.fr\/wp\/index.php?rest_route=\/wp\/v2\/pages\/71\/revisions\/256"}],"wp:attachment":[{"href":"https:\/\/aeroclub-montbeliard.fr\/wp\/index.php?rest_route=%2Fwp%2Fv2%2Fmedia&parent=71"}],"curies":[{"name":"wp","href":"https:\/\/api.w.org\/{rel}","templated":true}]}}